{"id":4,"date":"2018-02-27T08:06:49","date_gmt":"2018-02-27T07:06:49","guid":{"rendered":"http:\/\/parafiaslesin.pl\/?page_id=4"},"modified":"2025-07-06T14:07:36","modified_gmt":"2025-07-06T12:07:36","slug":"msze-swiete","status":"publish","type":"page","link":"http:\/\/parafiaslesin.pl\/index.php\/msze-swiete\/","title":{"rendered":"Msze \u015bwi\u0119te"},"content":{"rendered":"<p><strong>Msze \u015bw w niedziele i uroczysto\u015bci:<\/strong><img decoding=\"async\" loading=\"lazy\" class=\" wp-image-31 alignright\" src=\"http:\/\/az-serwer1867319.online.pro\/wp-content\/uploads\/2018\/02\/Foto2-300x225.jpg\" alt=\"\" width=\"252\" height=\"189\" srcset=\"http:\/\/az-serwer1867319.online.pro\/wp-content\/uploads\/2018\/02\/Foto2-300x225.jpg 300w, http:\/\/az-serwer1867319.online.pro\/wp-content\/uploads\/2018\/02\/Foto2-768x576.jpg 768w, http:\/\/az-serwer1867319.online.pro\/wp-content\/uploads\/2018\/02\/Foto2.jpg 1024w\" sizes=\"(max-width: 252px) 100vw, 252px\" \/><\/p>\n<p>8:00 i 11:00 w \u015alesinie<br \/>\n9:30 w Minikowie<\/p>\n<p><strong>W \u015bwi\u0119ta zniesione<\/strong><\/p>\n<p>11:00 i 17:00<\/p>\n<p><strong>W dni powszednie:<\/strong><\/p>\n<p>poniedzia\u0142ek, \u015broda, pi\u0105tek, sobota \u00a0o 17:00<br \/>\nwtorek i czwartek o 9:00<\/p>\n<p><strong>Odpusty:<\/strong><\/p>\n<p><strong>26 lipca &#8211;\u00a0 <\/strong>\u015bw. Joachima<br \/>\n<strong>6 grudnia &#8211; <\/strong>\u015bw. Miko\u0142aja<strong>\u00a0<\/strong><\/p>\n<p><strong>Uwaga! Bardzo prosz\u0119 sprawdza\u0107 czy w Og\u0142oszeniach Parafialnych nie podano zmiany godziny Mszy \u015bw.\u00a0<\/strong><\/p>\n","protected":false},"excerpt":{"rendered":"<p>Msze \u015bw w niedziele i uroczysto\u015bci: 8:00 i 11:00 w \u015alesinie 9:30 w Minikowie W \u015bwi\u0119ta zniesione 11:00 i 17:00 W dni powszednie: poniedzia\u0142ek, \u015broda, pi\u0105tek, sobota \u00a0o 17:00 wtorek i czwartek o 9:00 Odpusty: 26 lipca &#8211;\u00a0 \u015bw. Joachima &hellip; <a href=\"http:\/\/parafiaslesin.pl\/index.php\/msze-swiete\/\">Czytaj dalej <span class=\"meta-nav\">&rarr;<\/span><\/a><\/p>\n","protected":false},"author":1,"featured_media":0,"parent":0,"menu_order":0,"comment_status":"closed","ping_status":"closed","template":"","meta":[],"_links":{"self":[{"href":"http:\/\/parafiaslesin.pl\/index.php\/wp-json\/wp\/v2\/pages\/4"}],"collection":[{"href":"http:\/\/parafiaslesin.pl\/index.php\/wp-json\/wp\/v2\/pages"}],"about":[{"href":"http:\/\/parafiaslesin.pl\/index.php\/wp-json\/wp\/v2\/types\/page"}],"author":[{"embeddable":true,"href":"http:\/\/parafiaslesin.pl\/index.php\/wp-json\/wp\/v2\/users\/1"}],"replies":[{"embeddable":true,"href":"http:\/\/parafiaslesin.pl\/index.php\/wp-json\/wp\/v2\/comments?post=4"}],"version-history":[{"count":8,"href":"http:\/\/parafiaslesin.pl\/index.php\/wp-json\/wp\/v2\/pages\/4\/revisions"}],"predecessor-version":[{"id":1662,"href":"http:\/\/parafiaslesin.pl\/index.php\/wp-json\/wp\/v2\/pages\/4\/revisions\/1662"}],"wp:attachment":[{"href":"http:\/\/parafiaslesin.pl\/index.php\/wp-json\/wp\/v2\/media?parent=4"}],"curies":[{"name":"wp","href":"https:\/\/api.w.org\/{rel}","templated":true}]}}