{"id":21,"date":"2018-02-27T08:34:18","date_gmt":"2018-02-27T07:34:18","guid":{"rendered":"http:\/\/parafiaslesin.pl\/?page_id=21"},"modified":"2025-07-01T09:44:02","modified_gmt":"2025-07-01T07:44:02","slug":"fundusze-europejskie","status":"publish","type":"page","link":"http:\/\/parafiaslesin.pl\/index.php\/fundusze-europejskie\/","title":{"rendered":"Fundusze europejskie"},"content":{"rendered":"<p><img decoding=\"async\" loading=\"lazy\" class=\"aligncenter wp-image-25 size-medium\" src=\"http:\/\/az-serwer1867319.online.pro\/wp-content\/uploads\/2018\/02\/UE_EFRR_rgb-1-300x98.jpg\" alt=\"\" width=\"300\" height=\"98\" srcset=\"http:\/\/az-serwer1867319.online.pro\/wp-content\/uploads\/2018\/02\/UE_EFRR_rgb-1-300x98.jpg 300w, http:\/\/az-serwer1867319.online.pro\/wp-content\/uploads\/2018\/02\/UE_EFRR_rgb-1-768x251.jpg 768w, http:\/\/az-serwer1867319.online.pro\/wp-content\/uploads\/2018\/02\/UE_EFRR_rgb-1-1024x334.jpg 1024w, http:\/\/az-serwer1867319.online.pro\/wp-content\/uploads\/2018\/02\/UE_EFRR_rgb-1.jpg 1447w\" sizes=\"(max-width: 300px) 100vw, 300px\" \/><\/p>\n<p style=\"text-align: justify;\">Projekt wsp\u00f3\u0142finansowany przez Uni\u0119 Europejsk\u0105 ze \u015arodk\u00f3w Europejskiego Funduszu Rozwoju Regionalnego<br \/>\nO\u015b priorytetowa VIII Ochrona dziedzictwa kulturowego i rozw\u00f3j zasob\u00f3w kultury<br \/>\nDzia\u0142anie 8.1 Ochrona dziedzictwa kulturowego i rozw\u00f3j zasob\u00f3w kultury<br \/>\nProgram Operacyjny Infrastruktura i \u015arodowisko 2014 \u2013 2020<\/p>\n<p style=\"text-align: justify;\"><strong><em>\u201eOchrona oraz zwi\u0119kszenie warto\u015bci dziedzictwa kulturowego obszaru Diecezji Bydgoskiej \u2013 rewaloryzacja i konserwacja drewnianych zabytk\u00f3w\u201d<\/em><\/strong><\/p>\n<p style=\"text-align: justify;\">Projekt pt.: \u201eOchrona oraz zwi\u0119kszenie warto\u015bci dziedzictwa kulturowego obszaru Diecezji Bydgoskiej \u2013 rewaloryzacja i konserwacja drewnianych zabytk\u00f3w\u201d realizowany jest przez trzyna\u015bcie podmiot\u00f3w, w tym Diecezj\u0119 Bydgosk\u0105 \u2013 Partnera Wiod\u0105cego oraz dwana\u015bcie parafii znajduj\u0105cych si\u0119 na obszarze Diecezji Bydgoskiej na ziemiach wojew\u00f3dztwa kujawsko-pomorskiego i wielkopolskiego. W ramach projektu przeprowadzone zostan\u0105 prace renowacyjne i konserwatorskie drewnianych zabytk\u00f3w ruchomych stanowi\u0105cych wyposa\u017cenie ko\u015bcio\u0142\u00f3w oraz roboty budowlane w pi\u0119ciu ko\u015bcio\u0142ach, kt\u00f3rych g\u0142\u00f3wnym celem jest przede wszystkim przeciwdzia\u0142anie negatywnemu wp\u0142ywowi czasu, ochrona dziedzictwa kulturowego oraz rozw\u00f3j zasob\u00f3w kultury. Pr\u00f3cz realizacji ww. dzia\u0142a\u0144 oraz dzia\u0142a\u0144 edukacyjno-kulturalnych takich jak: koncerty organowe, rajdy rowerowe, wystawy fotograficzne, a tak\u017ce plenery malarskie projekt zak\u0142ada r\u00f3wnie\u017c stworzenie wirtualnego szlaku drewnianych zabytk\u00f3w, mobilnego przewodnika turystycznego w formie aplikacji na telefony i tablety oraz zastosowanie rozwi\u0105za\u0144 skierowanych do os\u00f3b niewidomych i niedowidz\u0105cych. Wy\u017cej wymienione dzia\u0142ania pozwol\u0105 na realizacj\u0119 cel\u00f3w po\u015brednich projektu, takich jak:<\/p>\n<ul style=\"text-align: justify;\">\n<li>wzrost liczby odwiedzin i os\u00f3b korzystaj\u0105cych w obj\u0119tych wsparciem miejscach nale\u017c\u0105cych do dziedzictwa kulturalnego i naturalnego stanowi\u0105cych r\u00f3wnie\u017c atrakcje turystyczne,<br \/>\n\u2022 u\u0142atwienie dost\u0119pu do obiekt\u00f3w osobom niepe\u0142nosprawnym,<br \/>\n\u2022 wp\u0142yw na postrzeganie regionu jako atrakcyjnego turystycznie,<br \/>\n\u2022 zwi\u0119kszenie konkurencyjno\u015bci regionalnej.<\/li>\n<\/ul>\n<p style=\"text-align: justify;\">Zaplanowane do realizacji dzia\u0142ania przyczyni\u0105 si\u0119 do zachowania i utrwalenia dziedzictwa historyczno-kulturalnego w skali ponadlokalnej jak r\u00f3wnie\u017c wp\u0142yn\u0105 na wzrost atrakcyjno\u015bci turystycznej obszaru Diecezji Bydgoskiej.<\/p>\n<p style=\"text-align: justify;\">Ca\u0142kowita warto\u015b\u0107 projektu:\u00a0<strong><b>15 723 809,86 PLN<\/b><\/strong><\/p>\n<p style=\"text-align: justify;\">Dofinansowanie projektu z UE:<b>13 365 237,96 PLN<\/b><\/p>\n","protected":false},"excerpt":{"rendered":"<p>Projekt wsp\u00f3\u0142finansowany przez Uni\u0119 Europejsk\u0105 ze \u015arodk\u00f3w Europejskiego Funduszu Rozwoju Regionalnego O\u015b priorytetowa VIII Ochrona dziedzictwa kulturowego i rozw\u00f3j zasob\u00f3w kultury Dzia\u0142anie 8.1 Ochrona dziedzictwa kulturowego i rozw\u00f3j zasob\u00f3w kultury Program Operacyjny Infrastruktura i \u015arodowisko 2014 \u2013 2020 \u201eOchrona oraz &hellip; <a href=\"http:\/\/parafiaslesin.pl\/index.php\/fundusze-europejskie\/\">Czytaj dalej <span class=\"meta-nav\">&rarr;<\/span><\/a><\/p>\n","protected":false},"author":1,"featured_media":22,"parent":0,"menu_order":0,"comment_status":"closed","ping_status":"closed","template":"","meta":[],"_links":{"self":[{"href":"http:\/\/parafiaslesin.pl\/index.php\/wp-json\/wp\/v2\/pages\/21"}],"collection":[{"href":"http:\/\/parafiaslesin.pl\/index.php\/wp-json\/wp\/v2\/pages"}],"about":[{"href":"http:\/\/parafiaslesin.pl\/index.php\/wp-json\/wp\/v2\/types\/page"}],"author":[{"embeddable":true,"href":"http:\/\/parafiaslesin.pl\/index.php\/wp-json\/wp\/v2\/users\/1"}],"replies":[{"embeddable":true,"href":"http:\/\/parafiaslesin.pl\/index.php\/wp-json\/wp\/v2\/comments?post=21"}],"version-history":[{"count":6,"href":"http:\/\/parafiaslesin.pl\/index.php\/wp-json\/wp\/v2\/pages\/21\/revisions"}],"predecessor-version":[{"id":1653,"href":"http:\/\/parafiaslesin.pl\/index.php\/wp-json\/wp\/v2\/pages\/21\/revisions\/1653"}],"wp:featuredmedia":[{"embeddable":true,"href":"http:\/\/parafiaslesin.pl\/index.php\/wp-json\/wp\/v2\/media\/22"}],"wp:attachment":[{"href":"http:\/\/parafiaslesin.pl\/index.php\/wp-json\/wp\/v2\/media?parent=21"}],"curies":[{"name":"wp","href":"https:\/\/api.w.org\/{rel}","templated":true}]}}